{"id":3,"date":"2020-05-11T14:19:30","date_gmt":"2020-05-11T14:19:30","guid":{"rendered":"https:\/\/georgluif.at\/aleapforward\/?page_id=3"},"modified":"2020-05-11T15:33:53","modified_gmt":"2020-05-11T15:33:53","slug":"privacy-policy","status":"publish","type":"page","link":"https:\/\/georgluif.at\/aleapforward\/privacy-policy\/","title":{"rendered":"Privacy Policy"},"content":{"rendered":"\n<h4 class=\"wp-block-heading\" id=\"heading__Datenschutzerklaerung_\">Datenschutzerkl\u00e4rung<\/h4>\n\n\n\n<p>Beim Besuch unserer Webseite wird Ihre IP-Adresse, Beginn und Ende der Sitzung f\u00fcr die Dauer dieser Sitzung erfasst. Dies ist technisch bedingt und stellt damit ein berechtigtes Interesse iSv Art 6 Abs 1 lit f DSGVO dar. Soweit im Folgenden nichts anderes geregelt wird, werden diese Daten von uns nicht weiterverarbeitet.<\/p>\n\n\n\n<h4 class=\"wp-block-heading\" id=\"heading_Kontakt_mit_uns\">Kontakt mit uns<\/h4>\n\n\n\n<p>Wenn Sie per Formular auf der Website oder per E-Mail Kontakt mit uns aufnehmen, werden Ihre angegebenen Daten zwecks Bearbeitung der Anfrage und f\u00fcr den Fall von Anschlussfragen ein Jahr bei uns gespeichert. Diese Daten geben wir nicht ohne Ihre Einwilligung weiter.&nbsp;<\/p>\n\n\n\n<p>Wir verwenden den Dienst \u201creCAPTCHA\u201d (Google LLC,1600 Amphitheatre Parkway, Mountain View, CA 94043 USA) um unsere Kontaktformulare vor Spam zu bewahren. Es werden unter anderem die IP-Adresse, Informationen \u00fcber das Betriebssystem, Browser, Cookies, Skripte, das Eingabeverhalten der Nutzer, die Referrer URL an Google LLC \u00fcbertragen.<br>Sollten Sie bei Ihrem pers\u00f6nlichen Google Account angemeldet sein, werden Ihre IP-Adresse mit den anderen Daten von Google zusammengef\u00fchrt \u2013 um dies zu unterbinden m\u00fcssen Sie sich bevor Besuch dieser Seite ausloggen.<\/p>\n\n\n\n<p>N\u00e4heres dazu unter <a href=\"https:\/\/policies.google.com\/privacy?hl=de\" target=\"_blank\" rel=\"noreferrer noopener\">diesem Link<\/a>.<\/p>\n\n\n\n<h4 class=\"wp-block-heading\" id=\"heading_Cookies\">Cookies<\/h4>\n\n\n\n<p>Unsere Website verwendet so genannte Cookies. Dabei handelt es sich um kleine Textdateien, die mit Hilfe des Browsers auf Ihrem Endger\u00e4t abgelegt werden. Sie richten keinen Schaden an.<\/p>\n\n\n\n<p>Wir nutzen Cookies dazu, unser Angebot nutzerfreundlich zu gestalten. Einige Cookies bleiben auf Ihrem Endger\u00e4t gespeichert, bis Sie diese l\u00f6schen. Sie erm\u00f6glichen es uns, Ihren Browser beim n\u00e4chsten Besuch wiederzuerkennen.<\/p>\n\n\n\n<p>Wenn Sie dies nicht w\u00fcnschen, so k\u00f6nnen Sie Ihren Browser so einrichten, dass er Sie \u00fcber das Setzen von Cookies informiert und Sie dies nur im Einzelfall erlauben.<\/p>\n\n\n\n<p>Bei der Deaktivierung von Cookies kann die Funktionalit\u00e4t unserer Website eingeschr\u00e4nkt sein.<\/p>\n\n\n\n<h4 class=\"wp-block-heading\" id=\"heading_Web_Analyse\">Web-Analyse<\/h4>\n\n\n\n<p>Unsere Website verwendet Funktionen des Webanalysedienstes Google Analytics ( Mountain View, Kalifornien, Vereinigte Staaten ). Dazu werden Cookies verwendet, die eine Analyse der Benutzung der Website durch Ihre Benutzer erm\u00f6glicht. Die dadurch erzeugten Informationen werden auf den Server des Anbieters \u00fcbertragen und dort gespeichert.<\/p>\n\n\n\n<p>Wir haben mit dem Anbieter einen entsprechenden Vertrag zur Auftragsdatenverarbeitung abgeschlossen. Die Beziehung zum Webanalyseanbieter basiert auf dem EU-US \u201c<em>Privacy Shield\u201d Beschluss.<\/em><\/p>\n\n\n\n<p>Die Datenverarbeitung erfolgt auf Basis der gesetzlichen Bestimmungen des \u00a7 96 Abs 3 TKG sowie des Art 6 Abs 1 lit a (Einwilligung) und\/oder f (berechtigtes Interesse) der DSGVO. Die Nutzerdaten werden f\u00fcr die Dauer von 3 Jahren aufbewahrt.<\/p>\n\n\n\n<h4 class=\"wp-block-heading\" id=\"heading_Newsletter\">Newsletter<\/h4>\n\n\n\n<p>Sie haben die M\u00f6glichkeit, \u00fcber unsere Website unseren Newsletter zu abonnieren. Hierf\u00fcr ben\u00f6tigen wir Ihre E-Mail-Adresse und ihre Erkl\u00e4rung, dass Sie mit dem Bezug des Newsletters einverstanden sind.<\/p>\n\n\n\n<p>Sobald Sie sich f\u00fcr den Newsletter angemeldet haben, senden wir Ihnen ein Best\u00e4tigungs-E-Mail mit einem Link zur Best\u00e4tigung der Anmeldung.<\/p>\n\n\n\n<p>Das Abo des Newsletters k\u00f6nnen Sie jederzeit stornieren. Klicken sie dazu auf den \u201cAbbestellen\u201d Button in der Newsletter-Email. Wir l\u00f6schen anschlie\u00dfend umgehend Ihre Daten im Zusammenhang mit dem Newsletter-Versand.<\/p>\n\n\n\n<h4 class=\"wp-block-heading\" id=\"heading_Ihre_Rechte\">Ihre Rechte<\/h4>\n\n\n\n<p>Ihnen stehen bez\u00fcglich Ihrer bei uns gespeicherten Daten&nbsp;grunds\u00e4tzlich die Rechte auf Auskunft, Berichtigung, L\u00f6schung, Einschr\u00e4nkung, Daten\u00fcbertragbarkeit, Widerruf und Widerspruch zu. Wenn Sie glauben, dass die Verarbeitung Ihrer Daten gegen das Datenschutzrecht verst\u00f6\u00dft oder Ihre datenschutzrechtlichen Anspr\u00fcche sonst in einer Weise verletzt worden sind, k\u00f6nnen Sie sich \u00fcber unser Kontaktformular oder der Datenschutzbeh\u00f6rde beschweren.<\/p>\n\n\n\n<p>Stand 11.5.2020<\/p>\n","protected":false},"excerpt":{"rendered":"<p>Datenschutzerkl\u00e4rung Beim Besuch unserer Webseite wird Ihre IP-Adresse, Beginn und Ende der Sitzung f\u00fcr die Dauer dieser Sitzung erfasst. Dies ist technisch bedingt und stellt damit ein berechtigtes Interesse iSv Art 6 Abs 1 lit f DSGVO dar. Soweit im Folgenden nichts anderes geregelt wird, werden diese Daten von uns nicht weiterverarbeitet. Kontakt mit uns [&hellip;]<\/p>\n","protected":false},"author":1,"featured_media":0,"parent":0,"menu_order":0,"comment_status":"closed","ping_status":"open","template":"","meta":{"footnotes":""},"class_list":["post-3","page","type-page","status-publish","hentry"],"_links":{"self":[{"href":"https:\/\/georgluif.at\/aleapforward\/wp-json\/wp\/v2\/pages\/3","targetHints":{"allow":["GET"]}}],"collection":[{"href":"https:\/\/georgluif.at\/aleapforward\/wp-json\/wp\/v2\/pages"}],"about":[{"href":"https:\/\/georgluif.at\/aleapforward\/wp-json\/wp\/v2\/types\/page"}],"author":[{"embeddable":true,"href":"https:\/\/georgluif.at\/aleapforward\/wp-json\/wp\/v2\/users\/1"}],"replies":[{"embeddable":true,"href":"https:\/\/georgluif.at\/aleapforward\/wp-json\/wp\/v2\/comments?post=3"}],"version-history":[{"count":1,"href":"https:\/\/georgluif.at\/aleapforward\/wp-json\/wp\/v2\/pages\/3\/revisions"}],"predecessor-version":[{"id":24,"href":"https:\/\/georgluif.at\/aleapforward\/wp-json\/wp\/v2\/pages\/3\/revisions\/24"}],"wp:attachment":[{"href":"https:\/\/georgluif.at\/aleapforward\/wp-json\/wp\/v2\/media?parent=3"}],"curies":[{"name":"wp","href":"https:\/\/api.w.org\/{rel}","templated":true}]}}